{"id":62,"date":"2023-07-31T16:02:33","date_gmt":"2023-07-31T16:02:33","guid":{"rendered":"https:\/\/gulfroots.co\/?page_id=62"},"modified":"2023-08-01T22:31:02","modified_gmt":"2023-08-01T22:31:02","slug":"don","status":"publish","type":"page","link":"https:\/\/gulfroots.co\/es\/don\/","title":{"rendered":"Donar"},"content":{"rendered":"<p>Nuestro patrocinador fiscal es <a href=\"https:\/\/alternateroots.org\/\" target=\"_blank\" rel=\"noreferrer noopener nofollow\">Alternate ROOTS<\/a>. Usando el bot\u00f3n de abajo, su apoyo magn\u00e1nimo ir\u00e1 a una cuenta espec\u00edfica para el Collectivo GulfRoots. Alternate ROOTS es una organizaci\u00f3n 501(c)3 sin fines de lucro por lo que tu regalo est\u00e1 libre de impuestos. \u00a1Muchas gracias por hacer posible nuestras esfuerzas!<\/p>\n\n\n\n<form action=\"https:\/\/www.paypal.com\/donate\" method=\"post\" target=\"_top\" data-trp-original-action=\"https:\/\/www.paypal.com\/donate\">\n<input type=\"hidden\" name=\"hosted_button_id\" value=\"6CC9E2NRYSWPC\" \/>\n<input type=\"image\" src=\"https:\/\/www.paypalobjects.com\/en_US\/i\/btn\/btn_donate_LG.gif\" border=\"0\" name=\"submit\" title=\"Donar via PayPal\" alt=\"Donate with PayPal button\" \/>\n<img loading=\"lazy\" decoding=\"async\" alt=\"\" border=\"0\" src=\"https:\/\/www.paypal.com\/en_US\/i\/scr\/pixel.gif\" width=\"1\" height=\"1\" \/>\n<input type=\"hidden\" name=\"trp-form-language\" value=\"es\"\/><\/form>","protected":false},"excerpt":{"rendered":"<p>We are fiscally sponsored by Alternate ROOTS. By using the button below to donate, your generous support will go into a separate account specifically for GulfRoots Collective. Alternate ROOTS is a tax-exempt 501(c)3 organization, so your gift is tax-deductible. Thank you for making our work possible!<\/p>","protected":false},"author":1,"featured_media":0,"parent":0,"menu_order":0,"comment_status":"closed","ping_status":"closed","template":"","meta":{"footnotes":""},"class_list":["post-62","page","type-page","status-publish","hentry"],"yoast_head":"<!-- This site is optimized with the Yoast SEO plugin v20.13 - https:\/\/yoast.com\/wordpress\/plugins\/seo\/ -->\n<title>Donate - GulfRoots Collective<\/title>\n<meta name=\"robots\" content=\"index, follow, max-snippet:-1, max-image-preview:large, max-video-preview:-1\" \/>\n<link rel=\"canonical\" href=\"https:\/\/gulfroots.co\/es\/don\/\" \/>\n<meta property=\"og:locale\" content=\"es_MX\" \/>\n<meta property=\"og:type\" content=\"article\" \/>\n<meta property=\"og:title\" content=\"Donate - GulfRoots Collective\" \/>\n<meta property=\"og:description\" content=\"We are fiscally sponsored by Alternate ROOTS. By using the button below to donate, your generous support will go into a separate account specifically for GulfRoots Collective. Alternate ROOTS is a tax-exempt 501(c)3 organization, so your gift is tax-deductible. Thank you for making our work possible!\" \/>\n<meta property=\"og:url\" content=\"https:\/\/gulfroots.co\/es\/don\/\" \/>\n<meta property=\"og:site_name\" content=\"GulfRoots Collective\" \/>\n<meta property=\"article:modified_time\" content=\"2023-08-01T22:31:02+00:00\" \/>\n<meta property=\"og:image\" content=\"https:\/\/www.paypal.com\/en_US\/i\/scr\/pixel.gif\" \/>\n<meta name=\"twitter:card\" content=\"summary_large_image\" \/>\n<meta name=\"twitter:label1\" content=\"Tiempo de lectura\" \/>\n\t<meta name=\"twitter:data1\" content=\"1 minuto\" \/>\n<script type=\"application\/ld+json\" class=\"yoast-schema-graph\">{\"@context\":\"https:\/\/schema.org\",\"@graph\":[{\"@type\":\"WebPage\",\"@id\":\"https:\/\/gulfroots.co\/don\/\",\"url\":\"https:\/\/gulfroots.co\/don\/\",\"name\":\"Donate - GulfRoots Collective\",\"isPartOf\":{\"@id\":\"http:\/\/gulfroots.co\/#website\"},\"datePublished\":\"2023-07-31T16:02:33+00:00\",\"dateModified\":\"2023-08-01T22:31:02+00:00\",\"breadcrumb\":{\"@id\":\"https:\/\/gulfroots.co\/don\/#breadcrumb\"},\"inLanguage\":\"es\",\"potentialAction\":[{\"@type\":\"ReadAction\",\"target\":[\"https:\/\/gulfroots.co\/don\/\"]}]},{\"@type\":\"BreadcrumbList\",\"@id\":\"https:\/\/gulfroots.co\/don\/#breadcrumb\",\"itemListElement\":[{\"@type\":\"ListItem\",\"position\":1,\"name\":\"Home\",\"item\":\"https:\/\/gulfroots.co\/\"},{\"@type\":\"ListItem\",\"position\":2,\"name\":\"Donate\"}]},{\"@type\":\"WebSite\",\"@id\":\"http:\/\/gulfroots.co\/#website\",\"url\":\"http:\/\/gulfroots.co\/\",\"name\":\"GulfRoots Collective\",\"description\":\"Tending the roots of narrative power\",\"publisher\":{\"@id\":\"http:\/\/gulfroots.co\/#organization\"},\"potentialAction\":[{\"@type\":\"SearchAction\",\"target\":{\"@type\":\"EntryPoint\",\"urlTemplate\":\"http:\/\/gulfroots.co\/?s={search_term_string}\"},\"query-input\":\"required name=search_term_string\"}],\"inLanguage\":\"es\"},{\"@type\":\"Organization\",\"@id\":\"http:\/\/gulfroots.co\/#organization\",\"name\":\"GulfRoots Collective\",\"url\":\"http:\/\/gulfroots.co\/\",\"logo\":{\"@type\":\"ImageObject\",\"inLanguage\":\"es\",\"@id\":\"http:\/\/gulfroots.co\/#\/schema\/logo\/image\/\",\"url\":\"https:\/\/gulfroots.co\/wp-content\/uploads\/2023\/12\/black-logo-transparent-background-final.png\",\"contentUrl\":\"https:\/\/gulfroots.co\/wp-content\/uploads\/2023\/12\/black-logo-transparent-background-final.png\",\"width\":1528,\"height\":2248,\"caption\":\"GulfRoots Collective\"},\"image\":{\"@id\":\"http:\/\/gulfroots.co\/#\/schema\/logo\/image\/\"}}]}<\/script>\n<!-- \/ Yoast SEO plugin. -->","yoast_head_json":{"title":"Donate - GulfRoots Collective","robots":{"index":"index","follow":"follow","max-snippet":"max-snippet:-1","max-image-preview":"max-image-preview:large","max-video-preview":"max-video-preview:-1"},"canonical":"https:\/\/gulfroots.co\/es\/don\/","og_locale":"es_MX","og_type":"article","og_title":"Donate - GulfRoots Collective","og_description":"We are fiscally sponsored by Alternate ROOTS. By using the button below to donate, your generous support will go into a separate account specifically for GulfRoots Collective. Alternate ROOTS is a tax-exempt 501(c)3 organization, so your gift is tax-deductible. Thank you for making our work possible!","og_url":"https:\/\/gulfroots.co\/es\/don\/","og_site_name":"GulfRoots Collective","article_modified_time":"2023-08-01T22:31:02+00:00","og_image":[{"url":"https:\/\/www.paypal.com\/en_US\/i\/scr\/pixel.gif"}],"twitter_card":"summary_large_image","twitter_misc":{"Tiempo de lectura":"1 minuto"},"schema":{"@context":"https:\/\/schema.org","@graph":[{"@type":"WebPage","@id":"https:\/\/gulfroots.co\/don\/","url":"https:\/\/gulfroots.co\/don\/","name":"Donate - GulfRoots Collective","isPartOf":{"@id":"http:\/\/gulfroots.co\/#website"},"datePublished":"2023-07-31T16:02:33+00:00","dateModified":"2023-08-01T22:31:02+00:00","breadcrumb":{"@id":"https:\/\/gulfroots.co\/don\/#breadcrumb"},"inLanguage":"es","potentialAction":[{"@type":"ReadAction","target":["https:\/\/gulfroots.co\/don\/"]}]},{"@type":"BreadcrumbList","@id":"https:\/\/gulfroots.co\/don\/#breadcrumb","itemListElement":[{"@type":"ListItem","position":1,"name":"Home","item":"https:\/\/gulfroots.co\/"},{"@type":"ListItem","position":2,"name":"Donate"}]},{"@type":"WebSite","@id":"http:\/\/gulfroots.co\/#website","url":"http:\/\/gulfroots.co\/","name":"GulfRoots Collective","description":"Tending the roots of narrative power","publisher":{"@id":"http:\/\/gulfroots.co\/#organization"},"potentialAction":[{"@type":"SearchAction","target":{"@type":"EntryPoint","urlTemplate":"http:\/\/gulfroots.co\/?s={search_term_string}"},"query-input":"required name=search_term_string"}],"inLanguage":"es"},{"@type":"Organization","@id":"http:\/\/gulfroots.co\/#organization","name":"GulfRoots Collective","url":"http:\/\/gulfroots.co\/","logo":{"@type":"ImageObject","inLanguage":"es","@id":"http:\/\/gulfroots.co\/#\/schema\/logo\/image\/","url":"https:\/\/gulfroots.co\/wp-content\/uploads\/2023\/12\/black-logo-transparent-background-final.png","contentUrl":"https:\/\/gulfroots.co\/wp-content\/uploads\/2023\/12\/black-logo-transparent-background-final.png","width":1528,"height":2248,"caption":"GulfRoots Collective"},"image":{"@id":"http:\/\/gulfroots.co\/#\/schema\/logo\/image\/"}}]}},"_links":{"self":[{"href":"https:\/\/gulfroots.co\/es\/wp-json\/wp\/v2\/pages\/62","targetHints":{"allow":["GET"]}}],"collection":[{"href":"https:\/\/gulfroots.co\/es\/wp-json\/wp\/v2\/pages"}],"about":[{"href":"https:\/\/gulfroots.co\/es\/wp-json\/wp\/v2\/types\/page"}],"author":[{"embeddable":true,"href":"https:\/\/gulfroots.co\/es\/wp-json\/wp\/v2\/users\/1"}],"replies":[{"embeddable":true,"href":"https:\/\/gulfroots.co\/es\/wp-json\/wp\/v2\/comments?post=62"}],"version-history":[{"count":3,"href":"https:\/\/gulfroots.co\/es\/wp-json\/wp\/v2\/pages\/62\/revisions"}],"predecessor-version":[{"id":68,"href":"https:\/\/gulfroots.co\/es\/wp-json\/wp\/v2\/pages\/62\/revisions\/68"}],"wp:attachment":[{"href":"https:\/\/gulfroots.co\/es\/wp-json\/wp\/v2\/media?parent=62"}],"curies":[{"name":"wp","href":"https:\/\/api.w.org\/{rel}","templated":true}]}}